{"id":141,"date":"2023-06-21T19:56:04","date_gmt":"2023-06-21T17:56:04","guid":{"rendered":"https:\/\/unitytattoo.ro\/?page_id=141"},"modified":"2023-11-23T18:48:39","modified_gmt":"2023-11-23T16:48:39","slug":"portofoliu","status":"publish","type":"page","link":"https:\/\/unitytattoo.ro\/index.php\/portofoliu\/","title":{"rendered":"PORTOFOLIU"},"content":{"rendered":"\n<h2 class=\"wp-block-heading has-text-align-center\"><mark style=\"background-color:rgba(0, 0, 0, 0);color:#ff0000\" class=\"has-inline-color\">PORTOFOLIUL<\/mark><\/h2>\n\n\n\n<div class=\"wp-block-media-text alignwide is-stacked-on-mobile\"><figure class=\"wp-block-media-text__media\"><img loading=\"lazy\" decoding=\"async\" width=\"4024\" height=\"6048\" src=\"https:\/\/unitytattoo.ro\/wp-content\/uploads\/2023\/06\/DSC9808.jpg\" alt=\"\" class=\"wp-image-142 size-full\"\/><\/figure><div class=\"wp-block-media-text__content\">\n<h2 class=\"wp-block-heading\" style=\"margin-top:var(--wp--preset--spacing--60);margin-right:0;margin-bottom:0;margin-left:0\"><mark style=\"background-color:rgba(0, 0, 0, 0);color:#ff0000\" class=\"has-inline-color\">Sebastian<\/mark><\/h2>\n\n\n\n<p>Ispas Sebastian este un artist de tatuaje extrem de talentat \u0219i experimentat, care activeaz\u0103 \u00een industrie \u00eencep\u00e2nd cu anul 2014. Cu o specializare \u00een tatuajele realiste, el a st\u0103p\u00e2nit arta de a captura detalii intricate \u0219i de a crea reprezent\u0103ri pline de via\u021b\u0103 pe piele. Cu toate acestea, talentul s\u0103u se extinde dincolo de realism, av\u00e2nd abilitatea de a se adapta la diferite stiluri de tatuaje cu o pricepere \u0219i o fine\u021be excep\u021bional\u0103.<\/p>\n\n\n\n<p><mark style=\"background-color:rgba(0, 0, 0, 0);color:#e11919\" class=\"has-inline-color\">Specializare:<\/mark> REALISM BLACK AND GRAY\/ Blackwork \/ Color<\/p>\n\n\n\n<div class=\"wp-block-buttons is-layout-flex wp-block-buttons-is-layout-flex\" style=\"margin-top:var(--wp--preset--spacing--60);margin-bottom:var(--wp--preset--spacing--60)\">\n<div class=\"wp-block-button\"><a class=\"wp-block-button__link has-foreground-color has-text-color has-background wp-element-button\" href=\"https:\/\/unitytattoo.ro\/index.php\/sebastian\/\" style=\"background-color:#ff0000\">Vezi profil complet<\/a><\/div>\n<\/div>\n\n\n\n<div class=\"wp-block-buttons is-layout-flex wp-container-core-buttons-is-layout-acb88878 wp-block-buttons-is-layout-flex\" style=\"margin-top:var(--wp--preset--spacing--80)\">\n<div class=\"wp-block-button\"><a class=\"wp-block-button__link has-foreground-color has-vivid-cyan-blue-to-vivid-purple-gradient-background has-text-color has-background wp-element-button\" href=\"http:\/\/www.instagram.com\/ispas_sebastian_tattoo\" target=\"_blank\" rel=\"noreferrer noopener\">Instagram<\/a><\/div>\n\n\n\n<div class=\"wp-block-button\"><a class=\"wp-block-button__link has-foreground-color has-dark-blue-background-color has-text-color has-background wp-element-button\" href=\"https:\/\/www.facebook.com\/ispas.sebastian\" target=\"_blank\" rel=\"noreferrer noopener\">Facebook<\/a><\/div>\n<\/div>\n<\/div><\/div>\n\n\n\n<div class=\"wp-block-media-text alignwide is-stacked-on-mobile\"><figure class=\"wp-block-media-text__media\"><img loading=\"lazy\" decoding=\"async\" width=\"3024\" height=\"4032\" src=\"https:\/\/unitytattoo.ro\/wp-content\/uploads\/2023\/06\/IMG_3764.jpg\" alt=\"\" class=\"wp-image-223 size-full\"\/><\/figure><div class=\"wp-block-media-text__content\">\n<h2 class=\"wp-block-heading\" style=\"margin-top:var(--wp--preset--spacing--60);margin-right:0;margin-bottom:0;margin-left:0\"><mark style=\"background-color:rgba(0, 0, 0, 0);color:#ff0000\" class=\"has-inline-color\">Marius<\/mark><\/h2>\n\n\n\n<p>Bercea Marius este un artist de tatuaje cu o vast\u0103 experien\u021b\u0103 \u00een industrie. Activ\u00e2nd de mult timp \u00een acest domeniu, el s-a specializat \u00een realizarea de tatuaje \u00een stilul realismului, dar este, de asemenea, priceput \u00een alte stiluri.<\/p>\n\n\n\n<p>Marius este recunoscut pentru abilitatea sa de a crea tatuaje realiste de o calitate excep\u021bional\u0103. Detaliile fine, precizia \u0219i capacitatea sa de a captura esen\u021ba subiectului \u00eel plaseaz\u0103 printre cei mai talenta\u021bi arti\u0219ti \u00een acest stil. Fie c\u0103 este vorba despre un portret, o natur\u0103 static\u0103 sau un obiect, el reu\u0219e\u0219te s\u0103 redea imagini vii \u0219i autentice pe piele.<\/p>\n\n\n\n<p><mark style=\"background-color:rgba(0, 0, 0, 0);color:#e11919\" class=\"has-inline-color\">Specializare:<\/mark> REALISM BLACK AND GRAY \/ Blackwork<\/p>\n\n\n\n<div class=\"wp-block-buttons is-layout-flex wp-block-buttons-is-layout-flex\" style=\"margin-top:var(--wp--preset--spacing--60);margin-bottom:var(--wp--preset--spacing--60)\">\n<div class=\"wp-block-button\"><a class=\"wp-block-button__link has-foreground-color has-text-color has-background wp-element-button\" href=\"https:\/\/unitytattoo.ro\/index.php\/marius\/\" style=\"background-color:#ff0000\">Vezi profil complet<\/a><\/div>\n<\/div>\n\n\n\n<div class=\"wp-block-buttons is-layout-flex wp-container-core-buttons-is-layout-acb88878 wp-block-buttons-is-layout-flex\" style=\"margin-top:var(--wp--preset--spacing--80)\">\n<div class=\"wp-block-button\"><a class=\"wp-block-button__link has-foreground-color has-vivid-cyan-blue-to-vivid-purple-gradient-background has-text-color has-background wp-element-button\" href=\"http:\/\/www.instagram.com\/bercea.ink\" target=\"_blank\" rel=\"noreferrer noopener\">Instagram<\/a><\/div>\n\n\n\n<div class=\"wp-block-button\"><a class=\"wp-block-button__link has-foreground-color has-dark-blue-background-color has-text-color has-background wp-element-button\" href=\"http:\/\/www.facebook.com\/TatuajeAlbaIulia\" target=\"_blank\" rel=\"noreferrer noopener\">Facebook<\/a><\/div>\n<\/div>\n<\/div><\/div>\n\n\n\n<div class=\"wp-block-media-text alignwide is-stacked-on-mobile\"><figure class=\"wp-block-media-text__media\"><img loading=\"lazy\" decoding=\"async\" width=\"1125\" height=\"1125\" src=\"https:\/\/unitytattoo.ro\/wp-content\/uploads\/2023\/11\/IMG-20231123-WA0001.jpg\" alt=\"\" class=\"wp-image-260 size-full\"\/><\/figure><div class=\"wp-block-media-text__content\">\n<h2 class=\"wp-block-heading\" style=\"margin-top:var(--wp--preset--spacing--60);margin-right:0;margin-bottom:0;margin-left:0\"><mark style=\"background-color:rgba(0, 0, 0, 0);color:#ff0000\" class=\"has-inline-color\">Robert<\/mark><\/h2>\n\n\n\n<p>Rusan Luis Robert este un artist de tatuaje care a \u00eenceput cariera sa acum doar un an, dar a progresat enorm \u00eentr-un timp at\u00e2t de scurt \u00een ceea ce prive\u0219te calitatea, abilit\u0103\u021bile \u0219i tehnicile sale. El s-a specializat \u00een realizarea de tatuaje \u00een stilul realismului, dar \u00eei place \u0219i s\u0103 lucreze \u00een stilul blackwork \u0219i \u00een alte stiluri.<\/p>\n\n\n\n<p><mark style=\"background-color:rgba(0, 0, 0, 0);color:#e11919\" class=\"has-inline-color\">Specializare:<\/mark> REALISM BLACK AND GRAY \/ Blackwork<\/p>\n\n\n\n<div class=\"wp-block-buttons is-layout-flex wp-block-buttons-is-layout-flex\" style=\"margin-top:var(--wp--preset--spacing--60);margin-bottom:var(--wp--preset--spacing--60)\">\n<div class=\"wp-block-button\"><a class=\"wp-block-button__link has-foreground-color has-text-color has-background wp-element-button\" href=\"https:\/\/unitytattoo.ro\/index.php\/robert\/\" style=\"background-color:#ff0000\">Vezi profil complet<\/a><\/div>\n<\/div>\n\n\n\n<div class=\"wp-block-buttons is-layout-flex wp-container-core-buttons-is-layout-acb88878 wp-block-buttons-is-layout-flex\" style=\"margin-top:var(--wp--preset--spacing--80)\">\n<div class=\"wp-block-button\"><a class=\"wp-block-button__link has-foreground-color has-vivid-cyan-blue-to-vivid-purple-gradient-background has-text-color has-background wp-element-button\" href=\"https:\/\/www.instagram.com\/robbs.tattoo\" target=\"_blank\" rel=\"noreferrer noopener\">Instagram<\/a><\/div>\n<\/div>\n<\/div><\/div>\n","protected":false},"excerpt":{"rendered":"<p>PORTOFOLIUL<\/p>\n","protected":false},"author":1,"featured_media":129,"parent":0,"menu_order":0,"comment_status":"closed","ping_status":"closed","template":"","meta":{"footnotes":""},"class_list":["post-141","page","type-page","status-publish","has-post-thumbnail","hentry"],"_links":{"self":[{"href":"https:\/\/unitytattoo.ro\/index.php\/wp-json\/wp\/v2\/pages\/141","targetHints":{"allow":["GET"]}}],"collection":[{"href":"https:\/\/unitytattoo.ro\/index.php\/wp-json\/wp\/v2\/pages"}],"about":[{"href":"https:\/\/unitytattoo.ro\/index.php\/wp-json\/wp\/v2\/types\/page"}],"author":[{"embeddable":true,"href":"https:\/\/unitytattoo.ro\/index.php\/wp-json\/wp\/v2\/users\/1"}],"replies":[{"embeddable":true,"href":"https:\/\/unitytattoo.ro\/index.php\/wp-json\/wp\/v2\/comments?post=141"}],"version-history":[{"count":15,"href":"https:\/\/unitytattoo.ro\/index.php\/wp-json\/wp\/v2\/pages\/141\/revisions"}],"predecessor-version":[{"id":261,"href":"https:\/\/unitytattoo.ro\/index.php\/wp-json\/wp\/v2\/pages\/141\/revisions\/261"}],"wp:featuredmedia":[{"embeddable":true,"href":"https:\/\/unitytattoo.ro\/index.php\/wp-json\/wp\/v2\/media\/129"}],"wp:attachment":[{"href":"https:\/\/unitytattoo.ro\/index.php\/wp-json\/wp\/v2\/media?parent=141"}],"curies":[{"name":"wp","href":"https:\/\/api.w.org\/{rel}","templated":true}]}}