{"id":2,"date":"2023-04-26T10:53:44","date_gmt":"2023-04-26T10:53:44","guid":{"rendered":"http:\/\/unitytattoo.ro\/?page_id=2"},"modified":"2023-06-22T13:12:18","modified_gmt":"2023-06-22T11:12:18","slug":"sample-page","status":"publish","type":"page","link":"https:\/\/unitytattoo.ro\/index.php\/sample-page\/","title":{"rendered":"STUDIOUL"},"content":{"rendered":"\n<h2 class=\"wp-block-heading\" style=\"padding-right:var(--wp--preset--spacing--50);padding-left:var(--wp--preset--spacing--50)\"><mark style=\"background-color:rgba(0, 0, 0, 0);color:#ff0000\" class=\"has-inline-color\">STUDIOUL<\/mark><\/h2>\n\n\n\n<p style=\"padding-right:var(--wp--preset--spacing--50);padding-left:var(--wp--preset--spacing--50)\">Unity Tattoo Hub este un studio de tatuaje de top situat \u00een inc\u00e2nt\u0103toarea Alba Iulia, Rom\u00e2nia. Cu atmosfera sa lini\u0219tit\u0103 \u0219i primitoare, acest studio este un paradis pentru pasiona\u021bii de art\u0103 care caut\u0103 tatuaje unice \u0219i personalizate. Arti\u0219tii pricepu\u021bi de la Unity Tattoo Hub au o \u00een\u021belegere profund\u0103 a diferitelor stiluri \u0219i tehnici de tatuaj, permi\u021b\u00e2ndu-le s\u0103 aduc\u0103 la via\u021b\u0103 viziunea ta creativ\u0103.<\/p>\n\n\n\n<p style=\"padding-right:var(--wp--preset--spacing--50);padding-left:var(--wp--preset--spacing--50)\">Condus de artistii lor rezidenti talentati, Unity Tattoo Hub se m\u00e2ndre\u0219te cu oferirea unei me\u0219te\u0219ugiri excep\u021bionale \u0219i a unei aten\u021bii deosebite la detalii. Artistii lor, renumiti pentru st\u0103p\u00e2nirea diverselor stiluri de tatuaj, au o pasiune profund\u0103 pentru art\u0103. Fie c\u0103 dore\u0219ti designuri neo-tradi\u021bionale vibrante, realism negru \u0219i gri complex sau tatuaje captivante \u00een tehnica acuarel\u0103, artistii de la Unity Tattoo Hub pot traduce cu pricepere ideile tale \u00een opere de art\u0103 uluitoare.<\/p>\n\n\n\n<p style=\"padding-right:var(--wp--preset--spacing--50);padding-left:var(--wp--preset--spacing--50)\">Angajamentul studioului fa\u021b\u0103 de igien\u0103 \u0219i siguran\u021b\u0103 este de o importan\u021b\u0103 capital\u0103. Ace\u0219tia respect\u0103 cu stricte\u021be protocoalele de sterilizare, utiliz\u00e2nd echipamente de ultim\u0103 genera\u021bie \u0219i tusuri de \u00eenalt\u0103 calitate pentru a-\u021bi asigura siguran\u021ba \u0219i bun\u0103starea pe toat\u0103 durata procesului de tatuare.<\/p>\n\n\n\n<p style=\"padding-right:var(--wp--preset--spacing--50);padding-left:var(--wp--preset--spacing--50)\">La Unity Tattoo Hub, accentul nu se pune doar pe crearea tatuajelor uimitoare, ci \u0219i pe oferirea unei experien\u021be memorabile \u0219i pl\u0103cute. Personalul prietenos \u0219i profesionist este dedicat s\u0103 te fac\u0103 s\u0103 te sim\u021bi confortabil \u0219i \u00eencrez\u0103tor \u00eenc\u0103 de la momentul \u00een care p\u0103\u0219e\u0219ti \u00een studio. Ace\u0219tia te vor ghida pe tot parcursul procesului, oferindu-\u021bi sfaturi experte \u0219i colabor\u00e2nd \u00eendeaproape cu tine pentru a-\u021bi transforma visele de tatuaj \u00een realitate.<\/p>\n\n\n\n<p style=\"padding-right:var(--wp--preset--spacing--50);padding-left:var(--wp--preset--spacing--50)\">Dac\u0103 cau\u021bi un studio de tatuaje de elit\u0103 \u00een Alba Iulia, nu c\u0103uta mai departe de Unity Tattoo Hub. Cu artistul lor excep\u021bional \u0219i angajamentul fa\u021b\u0103 de excelen\u021ba artistic\u0103, sunt preg\u0103ti\u021bi s\u0103 transforme pielea ta \u00eentr-un tablou fascinant de exprimare de sine.<\/p>\n\n\n\n<div class=\"rl-gallery-container rl-loading\" id=\"rl-gallery-container-1\" data-gallery_id=\"136\"> <div class=\"rl-gallery rl-basicmasonry-gallery rl-hover-effect-1 rl-hover-icon-2\" id=\"rl-gallery-1\" data-gallery_no=\"1\"> <div class=\"rl-gutter-sizer\"><\/div><div class=\"rl-grid-sizer\"><\/div> <div class=\"rl-gallery-item rl-gallery-item-width-4\" > <div class=\"rl-gallery-item-content\"> <a href=\"https:\/\/unitytattoo.ro\/wp-content\/uploads\/2023\/06\/6.jpg\" title=\"\" data-rl_title=\"\" class=\"rl-gallery-link\" data-rl_caption=\"\" data-rel=\"lightbox-gallery-1\"><img loading=\"lazy\" decoding=\"async\" src=\"https:\/\/unitytattoo.ro\/wp-content\/uploads\/2023\/06\/6.jpg\" width=\"1024\" height=\"683\" alt=\"\" \/><\/a> <\/div> <\/div> <div class=\"rl-gallery-item\" > <div class=\"rl-gallery-item-content\"> <a href=\"https:\/\/unitytattoo.ro\/wp-content\/uploads\/2023\/06\/5.jpg\" title=\"\" data-rl_title=\"\" class=\"rl-gallery-link\" data-rl_caption=\"\" data-rel=\"lightbox-gallery-1\"><img loading=\"lazy\" decoding=\"async\" src=\"https:\/\/unitytattoo.ro\/wp-content\/uploads\/2023\/06\/5.jpg\" width=\"1024\" height=\"683\" alt=\"\" \/><\/a> <\/div> <\/div> <div class=\"rl-gallery-item\" > <div class=\"rl-gallery-item-content\"> <a href=\"https:\/\/unitytattoo.ro\/wp-content\/uploads\/2023\/06\/2.jpg\" title=\"\" data-rl_title=\"\" class=\"rl-gallery-link\" data-rl_caption=\"\" data-rel=\"lightbox-gallery-1\"><img loading=\"lazy\" decoding=\"async\" src=\"https:\/\/unitytattoo.ro\/wp-content\/uploads\/2023\/06\/2.jpg\" width=\"1024\" height=\"683\" alt=\"\" \/><\/a> <\/div> <\/div> <div class=\"rl-gallery-item\" > <div class=\"rl-gallery-item-content\"> <a href=\"https:\/\/unitytattoo.ro\/wp-content\/uploads\/2023\/06\/1.jpg\" title=\"\" data-rl_title=\"\" class=\"rl-gallery-link\" data-rl_caption=\"\" data-rel=\"lightbox-gallery-1\"><img loading=\"lazy\" decoding=\"async\" src=\"https:\/\/unitytattoo.ro\/wp-content\/uploads\/2023\/06\/1.jpg\" width=\"1024\" height=\"683\" alt=\"\" \/><\/a> <\/div> <\/div> <div class=\"rl-gallery-item\" > <div class=\"rl-gallery-item-content\"> <a href=\"https:\/\/unitytattoo.ro\/wp-content\/uploads\/2023\/06\/4.jpg\" title=\"\" data-rl_title=\"\" class=\"rl-gallery-link\" data-rl_caption=\"\" data-rel=\"lightbox-gallery-1\"><img loading=\"lazy\" decoding=\"async\" src=\"https:\/\/unitytattoo.ro\/wp-content\/uploads\/2023\/06\/4.jpg\" width=\"1024\" height=\"683\" alt=\"\" \/><\/a> <\/div> <\/div> <div class=\"rl-gallery-item\" > <div class=\"rl-gallery-item-content\"> <a href=\"https:\/\/unitytattoo.ro\/wp-content\/uploads\/2023\/06\/3.jpg\" title=\"\" data-rl_title=\"\" class=\"rl-gallery-link\" data-rl_caption=\"\" data-rel=\"lightbox-gallery-1\"><img loading=\"lazy\" decoding=\"async\" src=\"https:\/\/unitytattoo.ro\/wp-content\/uploads\/2023\/06\/3.jpg\" width=\"1024\" height=\"683\" alt=\"\" \/><\/a> <\/div> <\/div> <\/div> <\/div>\n","protected":false},"excerpt":{"rendered":"<p>STUDIOUL Unity Tattoo Hub este un studio de tatuaje de top situat \u00een inc\u00e2nt\u0103toarea Alba [&hellip;]<\/p>\n","protected":false},"author":1,"featured_media":0,"parent":0,"menu_order":0,"comment_status":"closed","ping_status":"open","template":"","meta":{"footnotes":""},"class_list":["post-2","page","type-page","status-publish","hentry"],"_links":{"self":[{"href":"https:\/\/unitytattoo.ro\/index.php\/wp-json\/wp\/v2\/pages\/2","targetHints":{"allow":["GET"]}}],"collection":[{"href":"https:\/\/unitytattoo.ro\/index.php\/wp-json\/wp\/v2\/pages"}],"about":[{"href":"https:\/\/unitytattoo.ro\/index.php\/wp-json\/wp\/v2\/types\/page"}],"author":[{"embeddable":true,"href":"https:\/\/unitytattoo.ro\/index.php\/wp-json\/wp\/v2\/users\/1"}],"replies":[{"embeddable":true,"href":"https:\/\/unitytattoo.ro\/index.php\/wp-json\/wp\/v2\/comments?post=2"}],"version-history":[{"count":9,"href":"https:\/\/unitytattoo.ro\/index.php\/wp-json\/wp\/v2\/pages\/2\/revisions"}],"predecessor-version":[{"id":214,"href":"https:\/\/unitytattoo.ro\/index.php\/wp-json\/wp\/v2\/pages\/2\/revisions\/214"}],"wp:attachment":[{"href":"https:\/\/unitytattoo.ro\/index.php\/wp-json\/wp\/v2\/media?parent=2"}],"curies":[{"name":"wp","href":"https:\/\/api.w.org\/{rel}","templated":true}]}}